{"id":145,"date":"2023-12-27T16:57:30","date_gmt":"2023-12-27T16:57:30","guid":{"rendered":"https:\/\/newaliquot.com\/?page_id=145"},"modified":"2024-02-11T17:41:12","modified_gmt":"2024-02-11T17:41:12","slug":"vikend-s-new-aliquot","status":"publish","type":"page","link":"https:\/\/newaliquot.com\/en\/vikend-s-new-aliquot\/","title":{"rendered":"(\u010ce\u0161tina) V\u00edkend s New Aliquot"},"content":{"rendered":"<p class=\"qtranxs-available-languages-message qtranxs-available-languages-message-en\">Sorry, this entry is only available in <a href=\"https:\/\/newaliquot.com\/cs\/wp-json\/wp\/v2\/pages\/145\" class=\"qtranxs-available-language-link qtranxs-available-language-link-cs\" title=\"\u010ce\u0161tina\">\u010ce\u0161tina<\/a>.<\/p>","protected":false},"excerpt":{"rendered":"<p>Sorry, this entry is only available in \u010ce\u0161tina.<\/p>\n","protected":false},"author":1,"featured_media":108,"parent":0,"menu_order":0,"comment_status":"closed","ping_status":"closed","template":"","meta":{"footnotes":""},"class_list":["post-145","page","type-page","status-publish","has-post-thumbnail"],"yoast_head":"<!-- This site is optimized with the Yoast SEO plugin v27.4 - https:\/\/yoast.com\/product\/yoast-seo-wordpress\/ -->\n<title>(\u010ce\u0161tina) V\u00edkend s New Aliquot - New Aliquot<\/title>\n<meta name=\"robots\" content=\"index, follow, max-snippet:-1, max-image-preview:large, max-video-preview:-1\" \/>\n<link rel=\"canonical\" href=\"https:\/\/newaliquot.com\/en\/vikend-s-new-aliquot\/\" \/>\n<meta property=\"og:locale\" content=\"en_US\" \/>\n<meta property=\"og:type\" content=\"article\" \/>\n<meta property=\"og:title\" content=\"(\u010ce\u0161tina) V\u00edkend s New Aliquot - New Aliquot\" \/>\n<meta property=\"og:description\" content=\"Sorry, this entry is only available in \u010ce\u0161tina.\" \/>\n<meta property=\"og:url\" content=\"https:\/\/newaliquot.com\/en\/vikend-s-new-aliquot\/\" \/>\n<meta property=\"og:site_name\" content=\"New Aliquot\" \/>\n<meta property=\"article:publisher\" content=\"https:\/\/www.facebook.com\/newaliquot\" \/>\n<meta property=\"article:modified_time\" content=\"2024-02-11T17:41:12+00:00\" \/>\n<meta property=\"og:image\" content=\"https:\/\/newaliquot.com\/wp-content\/uploads\/2023\/01\/OKP_9003_New-Aliquot_2022_crop-scaled.jpg\" \/>\n\t<meta property=\"og:image:width\" content=\"2560\" \/>\n\t<meta property=\"og:image:height\" content=\"1707\" \/>\n\t<meta property=\"og:image:type\" content=\"image\/jpeg\" \/>\n<meta name=\"twitter:card\" content=\"summary_large_image\" \/>\n<meta name=\"twitter:label1\" content=\"Est. reading time\" \/>\n\t<meta name=\"twitter:data1\" content=\"2 minutes\" \/>\n<script type=\"application\/ld+json\" class=\"yoast-schema-graph\">{\"@context\":\"https:\\\/\\\/schema.org\",\"@graph\":[{\"@type\":\"WebPage\",\"@id\":\"https:\\\/\\\/newaliquot.com\\\/en\\\/vikend-s-new-aliquot\\\/\",\"url\":\"https:\\\/\\\/newaliquot.com\\\/en\\\/vikend-s-new-aliquot\\\/\",\"name\":\"(\u010ce\u0161tina) V\u00edkend s New Aliquot - New Aliquot\",\"isPartOf\":{\"@id\":\"https:\\\/\\\/newaliquot.com\\\/en\\\/#website\"},\"primaryImageOfPage\":{\"@id\":\"https:\\\/\\\/newaliquot.com\\\/en\\\/vikend-s-new-aliquot\\\/#primaryimage\"},\"image\":{\"@id\":\"https:\\\/\\\/newaliquot.com\\\/vikend-s-new-aliquot\\\/#primaryimage\"},\"thumbnailUrl\":\"https:\\\/\\\/newaliquot.com\\\/wp-content\\\/uploads\\\/2023\\\/01\\\/OKP_9003_New-Aliquot_2022_crop-scaled.jpg\",\"datePublished\":\"2023-12-27T16:57:30+00:00\",\"dateModified\":\"2024-02-11T17:41:12+00:00\",\"breadcrumb\":{\"@id\":\"https:\\\/\\\/newaliquot.com\\\/en\\\/vikend-s-new-aliquot\\\/#breadcrumb\"},\"inLanguage\":\"en-US\",\"potentialAction\":[{\"@type\":\"ReadAction\",\"target\":[[\"https:\\\/\\\/newaliquot.com\\\/en\\\/vikend-s-new-aliquot\\\/\"]]}]},{\"@type\":\"ImageObject\",\"inLanguage\":\"en-US\",\"@id\":\"https:\\\/\\\/newaliquot.com\\\/en\\\/vikend-s-new-aliquot\\\/#primaryimage\",\"url\":\"https:\\\/\\\/newaliquot.com\\\/wp-content\\\/uploads\\\/2023\\\/01\\\/OKP_9003_New-Aliquot_2022_crop-scaled.jpg\",\"contentUrl\":\"https:\\\/\\\/newaliquot.com\\\/wp-content\\\/uploads\\\/2023\\\/01\\\/OKP_9003_New-Aliquot_2022_crop-scaled.jpg\",\"width\":2560,\"height\":1707},{\"@type\":\"BreadcrumbList\",\"@id\":\"https:\\\/\\\/newaliquot.com\\\/en\\\/vikend-s-new-aliquot\\\/#breadcrumb\",\"itemListElement\":[{\"@type\":\"ListItem\",\"position\":1,\"name\":\"Dom\u016f\",\"item\":\"https:\\\/\\\/newaliquot.com\\\/en\\\/\"},{\"@type\":\"ListItem\",\"position\":2,\"name\":\"V\u00edkend s New Aliquot\"}]},{\"@type\":\"WebSite\",\"@id\":\"https:\\\/\\\/newaliquot.com\\\/en\\\/#website\",\"url\":\"https:\\\/\\\/newaliquot.com\\\/en\\\/\",\"name\":\"New Aliquot\",\"description\":\"bluegrass &amp; new acoustic\",\"publisher\":{\"@id\":\"https:\\\/\\\/newaliquot.com\\\/en\\\/#organization\"},\"potentialAction\":[{\"@type\":\"SearchAction\",\"target\":{\"@type\":\"EntryPoint\",\"urlTemplate\":\"https:\\\/\\\/newaliquot.com\\\/en\\\/?s={search_term_string}\"},\"query-input\":{\"@type\":\"PropertyValueSpecification\",\"valueRequired\":true,\"valueName\":\"search_term_string\"}}],\"inLanguage\":\"en-US\"},{\"@type\":\"Organization\",\"@id\":\"https:\\\/\\\/newaliquot.com\\\/en\\\/#organization\",\"name\":\"New Aliquot\",\"url\":\"https:\\\/\\\/newaliquot.com\\\/en\\\/\",\"logo\":{\"@type\":\"ImageObject\",\"inLanguage\":\"en-US\",\"@id\":\"https:\\\/\\\/newaliquot.com\\\/en\\\/#\\\/schema\\\/logo\\\/image\\\/\",\"url\":\"https:\\\/\\\/newaliquot.com\\\/wp-content\\\/uploads\\\/2023\\\/01\\\/OKP_9003_New-Aliquot_2022_crop-scaled.jpg\",\"contentUrl\":\"https:\\\/\\\/newaliquot.com\\\/wp-content\\\/uploads\\\/2023\\\/01\\\/OKP_9003_New-Aliquot_2022_crop-scaled.jpg\",\"width\":2560,\"height\":1707,\"caption\":\"New Aliquot\"},\"image\":{\"@id\":\"https:\\\/\\\/newaliquot.com\\\/en\\\/#\\\/schema\\\/logo\\\/image\\\/\"},\"sameAs\":[\"https:\\\/\\\/www.facebook.com\\\/newaliquot\"]}]}<\/script>\n<!-- \/ Yoast SEO plugin. -->","yoast_head_json":{"title":"(\u010ce\u0161tina) V\u00edkend s New Aliquot - New Aliquot","robots":{"index":"index","follow":"follow","max-snippet":"max-snippet:-1","max-image-preview":"max-image-preview:large","max-video-preview":"max-video-preview:-1"},"canonical":"https:\/\/newaliquot.com\/en\/vikend-s-new-aliquot\/","og_locale":"en_US","og_type":"article","og_title":"(\u010ce\u0161tina) V\u00edkend s New Aliquot - New Aliquot","og_description":"Sorry, this entry is only available in \u010ce\u0161tina.","og_url":"https:\/\/newaliquot.com\/en\/vikend-s-new-aliquot\/","og_site_name":"New Aliquot","article_publisher":"https:\/\/www.facebook.com\/newaliquot","article_modified_time":"2024-02-11T17:41:12+00:00","og_image":[{"width":2560,"height":1707,"url":"https:\/\/newaliquot.com\/wp-content\/uploads\/2023\/01\/OKP_9003_New-Aliquot_2022_crop-scaled.jpg","type":"image\/jpeg"}],"twitter_card":"summary_large_image","twitter_misc":{"Est. reading time":"2 minutes"},"schema":{"@context":"https:\/\/schema.org","@graph":[{"@type":"WebPage","@id":"https:\/\/newaliquot.com\/en\/vikend-s-new-aliquot\/","url":"https:\/\/newaliquot.com\/en\/vikend-s-new-aliquot\/","name":"(\u010ce\u0161tina) V\u00edkend s New Aliquot - New Aliquot","isPartOf":{"@id":"https:\/\/newaliquot.com\/en\/#website"},"primaryImageOfPage":{"@id":"https:\/\/newaliquot.com\/en\/vikend-s-new-aliquot\/#primaryimage"},"image":{"@id":"https:\/\/newaliquot.com\/vikend-s-new-aliquot\/#primaryimage"},"thumbnailUrl":"https:\/\/newaliquot.com\/wp-content\/uploads\/2023\/01\/OKP_9003_New-Aliquot_2022_crop-scaled.jpg","datePublished":"2023-12-27T16:57:30+00:00","dateModified":"2024-02-11T17:41:12+00:00","breadcrumb":{"@id":"https:\/\/newaliquot.com\/en\/vikend-s-new-aliquot\/#breadcrumb"},"inLanguage":"en-US","potentialAction":[{"@type":"ReadAction","target":[["https:\/\/newaliquot.com\/en\/vikend-s-new-aliquot\/"]]}]},{"@type":"ImageObject","inLanguage":"en-US","@id":"https:\/\/newaliquot.com\/en\/vikend-s-new-aliquot\/#primaryimage","url":"https:\/\/newaliquot.com\/wp-content\/uploads\/2023\/01\/OKP_9003_New-Aliquot_2022_crop-scaled.jpg","contentUrl":"https:\/\/newaliquot.com\/wp-content\/uploads\/2023\/01\/OKP_9003_New-Aliquot_2022_crop-scaled.jpg","width":2560,"height":1707},{"@type":"BreadcrumbList","@id":"https:\/\/newaliquot.com\/en\/vikend-s-new-aliquot\/#breadcrumb","itemListElement":[{"@type":"ListItem","position":1,"name":"Dom\u016f","item":"https:\/\/newaliquot.com\/en\/"},{"@type":"ListItem","position":2,"name":"V\u00edkend s New Aliquot"}]},{"@type":"WebSite","@id":"https:\/\/newaliquot.com\/en\/#website","url":"https:\/\/newaliquot.com\/en\/","name":"New Aliquot","description":"bluegrass &amp; new acoustic","publisher":{"@id":"https:\/\/newaliquot.com\/en\/#organization"},"potentialAction":[{"@type":"SearchAction","target":{"@type":"EntryPoint","urlTemplate":"https:\/\/newaliquot.com\/en\/?s={search_term_string}"},"query-input":{"@type":"PropertyValueSpecification","valueRequired":true,"valueName":"search_term_string"}}],"inLanguage":"en-US"},{"@type":"Organization","@id":"https:\/\/newaliquot.com\/en\/#organization","name":"New Aliquot","url":"https:\/\/newaliquot.com\/en\/","logo":{"@type":"ImageObject","inLanguage":"en-US","@id":"https:\/\/newaliquot.com\/en\/#\/schema\/logo\/image\/","url":"https:\/\/newaliquot.com\/wp-content\/uploads\/2023\/01\/OKP_9003_New-Aliquot_2022_crop-scaled.jpg","contentUrl":"https:\/\/newaliquot.com\/wp-content\/uploads\/2023\/01\/OKP_9003_New-Aliquot_2022_crop-scaled.jpg","width":2560,"height":1707,"caption":"New Aliquot"},"image":{"@id":"https:\/\/newaliquot.com\/en\/#\/schema\/logo\/image\/"},"sameAs":["https:\/\/www.facebook.com\/newaliquot"]}]}},"_links":{"self":[{"href":"https:\/\/newaliquot.com\/en\/wp-json\/wp\/v2\/pages\/145","targetHints":{"allow":["GET"]}}],"collection":[{"href":"https:\/\/newaliquot.com\/en\/wp-json\/wp\/v2\/pages"}],"about":[{"href":"https:\/\/newaliquot.com\/en\/wp-json\/wp\/v2\/types\/page"}],"author":[{"embeddable":true,"href":"https:\/\/newaliquot.com\/en\/wp-json\/wp\/v2\/users\/1"}],"replies":[{"embeddable":true,"href":"https:\/\/newaliquot.com\/en\/wp-json\/wp\/v2\/comments?post=145"}],"version-history":[{"count":10,"href":"https:\/\/newaliquot.com\/en\/wp-json\/wp\/v2\/pages\/145\/revisions"}],"predecessor-version":[{"id":246,"href":"https:\/\/newaliquot.com\/en\/wp-json\/wp\/v2\/pages\/145\/revisions\/246"}],"wp:featuredmedia":[{"embeddable":true,"href":"https:\/\/newaliquot.com\/en\/wp-json\/wp\/v2\/media\/108"}],"wp:attachment":[{"href":"https:\/\/newaliquot.com\/en\/wp-json\/wp\/v2\/media?parent=145"}],"curies":[{"name":"wp","href":"https:\/\/api.w.org\/{rel}","templated":true}]}}