{"id":21,"date":"2022-09-08T06:32:47","date_gmt":"2022-09-08T06:32:47","guid":{"rendered":"https:\/\/newaliquot.com\/?page_id=21"},"modified":"2026-04-15T13:32:06","modified_gmt":"2026-04-15T13:32:06","slug":"bio","status":"publish","type":"page","link":"https:\/\/newaliquot.com\/en\/","title":{"rendered":"Bio"},"content":{"rendered":"<p><a href=\"https:\/\/newaliquot.com\/kalendar\/\"><img loading=\"lazy\" decoding=\"async\" class=\"aligncenter wp-image-438 size-full\" src=\"https:\/\/newaliquot.com\/wp-content\/uploads\/2026\/03\/NA_tour_2026_prispevek-fb.png\" alt=\"\" width=\"1200\" height=\"630\" srcset=\"https:\/\/newaliquot.com\/wp-content\/uploads\/2026\/03\/NA_tour_2026_prispevek-fb.png 1200w, https:\/\/newaliquot.com\/wp-content\/uploads\/2026\/03\/NA_tour_2026_prispevek-fb-300x158.png 300w, https:\/\/newaliquot.com\/wp-content\/uploads\/2026\/03\/NA_tour_2026_prispevek-fb-1024x538.png 1024w, https:\/\/newaliquot.com\/wp-content\/uploads\/2026\/03\/NA_tour_2026_prispevek-fb-768x403.png 768w\" sizes=\"auto, (max-width: 1200px) 100vw, 1200px\" \/><\/a><\/p>\n<hr \/>\n<h4>New Aliquot\u2019s 10th Anniversary<\/h4>\n<p>We\u2019re celebrating our 10th anniversary with a new project featuring banjoist <a href=\"https:\/\/www.davidbenda.com\/\" target=\"_blank\" rel=\"noopener\">David Benda<\/a>, winner of the 2020 World Virtual Bluegrass Banjo Contest. Learn more about our collaboration <a href=\"https:\/\/newaliquot.com\/en\/david-benda\/\">here<\/a>.<\/p>\n<p><a href=\"https:\/\/newaliquot.com\/en\/david-benda\/\"><img loading=\"lazy\" decoding=\"async\" class=\"aligncenter size-large wp-image-392\" src=\"https:\/\/newaliquot.com\/wp-content\/uploads\/2025\/09\/NADB1-1024x683.jpg\" alt=\"\" width=\"1024\" height=\"683\" srcset=\"https:\/\/newaliquot.com\/wp-content\/uploads\/2025\/09\/NADB1-1024x683.jpg 1024w, https:\/\/newaliquot.com\/wp-content\/uploads\/2025\/09\/NADB1-300x200.jpg 300w, https:\/\/newaliquot.com\/wp-content\/uploads\/2025\/09\/NADB1-768x512.jpg 768w, https:\/\/newaliquot.com\/wp-content\/uploads\/2025\/09\/NADB1-1536x1024.jpg 1536w, https:\/\/newaliquot.com\/wp-content\/uploads\/2025\/09\/NADB1-2048x1365.jpg 2048w\" sizes=\"auto, (max-width: 1024px) 100vw, 1024px\" \/><\/a><\/p>\n<hr \/>\n<p><a href=\"https:\/\/newaliquot.com\/en\/keep-going\/\"><img loading=\"lazy\" decoding=\"async\" class=\"alignleft wp-image-268 size-medium\" src=\"https:\/\/newaliquot.com\/wp-content\/uploads\/2023\/12\/Keep_Going_3000x3000px-300x300.jpg\" alt=\"\" width=\"300\" height=\"300\" srcset=\"https:\/\/newaliquot.com\/wp-content\/uploads\/2023\/12\/Keep_Going_3000x3000px-300x300.jpg 300w, https:\/\/newaliquot.com\/wp-content\/uploads\/2023\/12\/Keep_Going_3000x3000px-1024x1024.jpg 1024w, https:\/\/newaliquot.com\/wp-content\/uploads\/2023\/12\/Keep_Going_3000x3000px-150x150.jpg 150w, https:\/\/newaliquot.com\/wp-content\/uploads\/2023\/12\/Keep_Going_3000x3000px-768x768.jpg 768w, https:\/\/newaliquot.com\/wp-content\/uploads\/2023\/12\/Keep_Going_3000x3000px-1536x1536.jpg 1536w, https:\/\/newaliquot.com\/wp-content\/uploads\/2023\/12\/Keep_Going_3000x3000px-2048x2048.jpg 2048w\" sizes=\"auto, (max-width: 300px) 100vw, 300px\" \/><\/a><\/p>\n<h4>We have recorded our second album for you!<\/h4>\n<p>It contains mostly our original songs and we put our best into it. We believe that you will be delighted, surprised and happy to come back to it.<\/p>\n<p>You can listen to the three tracks and order the album in CD \/ MP3 \/ FLAC \/ WAV format <a href=\"https:\/\/newaliquot.com\/keep-going\/\">here<\/a>.<\/p>\n<div class=\"predel\">\n<hr \/>\n<\/div>\n<p><a href=\"https:\/\/newaliquot.com\/wp-content\/uploads\/2022\/09\/New-Aliquot-photo.jpg\"><img loading=\"lazy\" decoding=\"async\" class=\"aligncenter wp-image-23 size-large\" src=\"https:\/\/newaliquot.com\/wp-content\/uploads\/2022\/09\/New-Aliquot-photo-1024x548.jpg\" alt=\"New Aliquot\" width=\"1024\" height=\"548\" srcset=\"https:\/\/newaliquot.com\/wp-content\/uploads\/2022\/09\/New-Aliquot-photo-1024x548.jpg 1024w, https:\/\/newaliquot.com\/wp-content\/uploads\/2022\/09\/New-Aliquot-photo-300x160.jpg 300w, https:\/\/newaliquot.com\/wp-content\/uploads\/2022\/09\/New-Aliquot-photo-768x411.jpg 768w, https:\/\/newaliquot.com\/wp-content\/uploads\/2022\/09\/New-Aliquot-photo-1536x821.jpg 1536w, https:\/\/newaliquot.com\/wp-content\/uploads\/2022\/09\/New-Aliquot-photo-2048x1095.jpg 2048w\" sizes=\"auto, (max-width: 1024px) 100vw, 1024px\" \/><\/a><\/p>\n<p>&nbsp;<\/p>\n<p>New Aliquot plays bluegrass, new acoustic, and folk music. Their repertoire consists of original songs, instrumental compositions, and special arrangements of roots music songs. The band was formed in 2016 on the basis of the group K\u0159eni (#1 European Bluegrass Band at the La Roche Bluegrass Festival 2009) and has performed throughout the Czech Republic and various European countries (Germany, France, Sweden, Denmark, Norway, Slovakia). The band members have gained countless experiences with many bands and music professionals. In 2019, New Aliquot won second place in a band competition at the bluegrass festival in La Roche sur Foron, France, and released their first album, <a href=\"https:\/\/newaliquot.com\/it-takes-time\/\" target=\"_blank\" rel=\"noopener\">It Takes Time<\/a>, in the same year. Their second album, <a href=\"https:\/\/newaliquot.com\/keep-going\/\">Keep Going<\/a>, was released in 2024. Every year, the band organizes music workshops called &#8220;Zlatohorsk\u00e1 hudebn\u00ed hore\u010dka&#8221; and &#8220;Bluegrass Vegas&#8221; in the Jesen\u00edky Mountains, Czechia. Since 2025, the band has been collaborating with leading European banjo player <a href=\"https:\/\/newaliquot.com\/new-aliquot-david-benda\/\">David Benda<\/a>.<\/p>\n<p>&nbsp;<\/p>\n<p><a href=\"https:\/\/ondrakozak.com\/\">Ondra Koz\u00e1k<\/a> \u2013 guitar, fiddle, vocals<br \/>\nPavel &#8220;Tim&#8221; Duda \u2013 upright bass, guitar, vocals<br \/>\nV\u00edt Hanul\u00edk \u2013 mandolin, guitar, vocals<br \/>\n<a href=\"https:\/\/www.zacal.net\/\">Karel Za\u010dal<\/a> \u2013 dobro,\u00a0 vocals<\/p>\n<p>&nbsp;<\/p>\n<hr \/>\n<figure class=\"wp-block-embed wp-block-embed-youtube is-type-video is-provider-youtube epyt-figure\"><div class=\"wp-block-embed__wrapper\"><div class=\"epyt-video-wrapper\"><iframe loading=\"lazy\"  id=\"_ytid_73522\"  width=\"1200\" height=\"675\"  data-origwidth=\"1200\" data-origheight=\"675\"  data-relstop=\"1\" src=\"https:\/\/www.youtube.com\/embed\/4KZUG1syvh4?enablejsapi=1&autoplay=0&cc_load_policy=0&cc_lang_pref=&iv_load_policy=1&loop=0&rel=0&fs=1&playsinline=0&autohide=2&theme=dark&color=red&controls=1&disablekb=0&\" class=\"__youtube_prefs__  no-lazyload\" title=\"YouTube player\"  allow=\"fullscreen; accelerometer; autoplay; clipboard-write; encrypted-media; gyroscope; picture-in-picture; web-share\" referrerpolicy=\"strict-origin-when-cross-origin\" allowfullscreen data-no-lazy=\"1\" data-skipgform_ajax_framebjll=\"\"><\/iframe><\/div><\/div><\/figure>\n<figure class=\"wp-block-embed wp-block-embed-youtube is-type-video is-provider-youtube epyt-figure\"><div class=\"wp-block-embed__wrapper\"><div class=\"epyt-video-wrapper\"><iframe loading=\"lazy\"  id=\"_ytid_46113\"  width=\"1200\" height=\"675\"  data-origwidth=\"1200\" data-origheight=\"675\"  data-relstop=\"1\" src=\"https:\/\/www.youtube.com\/embed\/U5qroaRHuNI?enablejsapi=1&autoplay=0&cc_load_policy=0&cc_lang_pref=&iv_load_policy=1&loop=0&rel=0&fs=1&playsinline=0&autohide=2&theme=dark&color=red&controls=1&disablekb=0&\" class=\"__youtube_prefs__  no-lazyload\" title=\"YouTube player\"  allow=\"fullscreen; accelerometer; autoplay; clipboard-write; encrypted-media; gyroscope; picture-in-picture; web-share\" referrerpolicy=\"strict-origin-when-cross-origin\" allowfullscreen data-no-lazy=\"1\" data-skipgform_ajax_framebjll=\"\"><\/iframe><\/div><\/div><\/figure>\n<figure class=\"wp-block-embed wp-block-embed-youtube is-type-video is-provider-youtube epyt-figure\"><div class=\"wp-block-embed__wrapper\"><div class=\"epyt-video-wrapper\"><iframe loading=\"lazy\"  id=\"_ytid_10910\"  width=\"1200\" height=\"675\"  data-origwidth=\"1200\" data-origheight=\"675\"  data-relstop=\"1\" src=\"https:\/\/www.youtube.com\/embed\/0OHuRAT5p0Y?enablejsapi=1&autoplay=0&cc_load_policy=0&cc_lang_pref=&iv_load_policy=1&loop=0&rel=0&fs=1&playsinline=0&autohide=2&theme=dark&color=red&controls=1&disablekb=0&\" class=\"__youtube_prefs__  no-lazyload\" title=\"YouTube player\"  allow=\"fullscreen; accelerometer; autoplay; clipboard-write; encrypted-media; gyroscope; picture-in-picture; web-share\" referrerpolicy=\"strict-origin-when-cross-origin\" allowfullscreen data-no-lazy=\"1\" data-skipgform_ajax_framebjll=\"\"><\/iframe><\/div><\/div><\/figure>\n<figure class=\"wp-block-embed wp-block-embed-youtube is-type-video is-provider-youtube epyt-figure\"><div class=\"wp-block-embed__wrapper\"><div class=\"epyt-video-wrapper\"><iframe loading=\"lazy\"  id=\"_ytid_42431\"  width=\"1200\" height=\"675\"  data-origwidth=\"1200\" data-origheight=\"675\"  data-relstop=\"1\" src=\"https:\/\/www.youtube.com\/embed\/_B6Xwkdu3RQ?enablejsapi=1&autoplay=0&cc_load_policy=0&cc_lang_pref=&iv_load_policy=1&loop=0&rel=0&fs=1&playsinline=0&autohide=2&theme=dark&color=red&controls=1&disablekb=0&\" class=\"__youtube_prefs__  no-lazyload\" title=\"YouTube player\"  allow=\"fullscreen; accelerometer; autoplay; clipboard-write; encrypted-media; gyroscope; picture-in-picture; web-share\" referrerpolicy=\"strict-origin-when-cross-origin\" allowfullscreen data-no-lazy=\"1\" data-skipgform_ajax_framebjll=\"\"><\/iframe><\/div><\/div><\/figure>\n<figure class=\"wp-block-embed wp-block-embed-youtube is-type-video is-provider-youtube epyt-figure\"><div class=\"wp-block-embed__wrapper\"><div class=\"epyt-video-wrapper\"><iframe loading=\"lazy\"  id=\"_ytid_51379\"  width=\"1200\" height=\"675\"  data-origwidth=\"1200\" data-origheight=\"675\"  data-relstop=\"1\" src=\"https:\/\/www.youtube.com\/embed\/jZQ8rVPFLwY?enablejsapi=1&autoplay=0&cc_load_policy=0&cc_lang_pref=&iv_load_policy=1&loop=0&rel=0&fs=1&playsinline=0&autohide=2&theme=dark&color=red&controls=1&disablekb=0&\" class=\"__youtube_prefs__  no-lazyload\" title=\"YouTube player\"  allow=\"fullscreen; accelerometer; autoplay; clipboard-write; encrypted-media; gyroscope; picture-in-picture; web-share\" referrerpolicy=\"strict-origin-when-cross-origin\" allowfullscreen data-no-lazy=\"1\" data-skipgform_ajax_framebjll=\"\"><\/iframe><\/div><\/div><\/figure>\n<figure class=\"wp-block-embed wp-block-embed-youtube is-type-video is-provider-youtube epyt-figure\"><div class=\"wp-block-embed__wrapper\"><div class=\"epyt-video-wrapper\"><iframe loading=\"lazy\"  id=\"_ytid_49861\"  width=\"1200\" height=\"675\"  data-origwidth=\"1200\" data-origheight=\"675\"  data-relstop=\"1\" src=\"https:\/\/www.youtube.com\/embed\/BUSZpjnSv_g?enablejsapi=1&autoplay=0&cc_load_policy=0&cc_lang_pref=&iv_load_policy=1&loop=0&rel=0&fs=1&playsinline=0&autohide=2&theme=dark&color=red&controls=1&disablekb=0&\" class=\"__youtube_prefs__  no-lazyload\" title=\"YouTube player\"  allow=\"fullscreen; accelerometer; autoplay; clipboard-write; encrypted-media; gyroscope; picture-in-picture; web-share\" referrerpolicy=\"strict-origin-when-cross-origin\" allowfullscreen data-no-lazy=\"1\" data-skipgform_ajax_framebjll=\"\"><\/iframe><\/div><\/div><\/figure>\n<p>&nbsp;<\/p>\n<p>&nbsp;<\/p>\n<figure id=\"attachment_100\" aria-describedby=\"caption-attachment-100\" style=\"width: 1014px\" class=\"wp-caption alignnone\"><a href=\"https:\/\/newaliquot.com\/wp-content\/uploads\/2023\/01\/OKP_9003_New-Aliquot_2022_crop-scaled.jpg\"><img loading=\"lazy\" decoding=\"async\" class=\"wp-image-100 size-full\" src=\"https:\/\/newaliquot.com\/wp-content\/uploads\/2023\/01\/OKP_9003_New-Aliquot_2022_crop_m.jpg\" alt=\"\" width=\"1024\" height=\"683\" srcset=\"https:\/\/newaliquot.com\/wp-content\/uploads\/2023\/01\/OKP_9003_New-Aliquot_2022_crop_m.jpg 1024w, https:\/\/newaliquot.com\/wp-content\/uploads\/2023\/01\/OKP_9003_New-Aliquot_2022_crop_m-300x200.jpg 300w, https:\/\/newaliquot.com\/wp-content\/uploads\/2023\/01\/OKP_9003_New-Aliquot_2022_crop_m-768x512.jpg 768w\" sizes=\"auto, (max-width: 1024px) 100vw, 1024px\" \/><\/a><figcaption id=\"caption-attachment-100\" class=\"wp-caption-text\">Ondra Koz\u00e1k (guitar) \u2013 V\u00edt Hanul\u00edk (mandolin) \u2013 Pavel \u201cTim\u201d Duda (upright bass) \u2013 Karel Za\u010dal (dobro)<\/figcaption><\/figure>\n<p>&nbsp;<\/p>","protected":false},"excerpt":{"rendered":"<p>New Aliquot\u2019s 10th Anniversary We\u2019re celebrating our 10th anniversary with a new project featuring banjoist David Benda, winner of the 2020 World Virtual Bluegrass Banjo Contest. Learn more about our collaboration here. We have recorded our second album for you! It contains mostly our original songs and we put our best into it. We believe &#8230; <a title=\"Bio\" class=\"read-more\" href=\"https:\/\/newaliquot.com\/en\/\" aria-label=\"Read more about Bio\">Read more<\/a><\/p>\n","protected":false},"author":1,"featured_media":0,"parent":0,"menu_order":0,"comment_status":"closed","ping_status":"closed","template":"","meta":{"footnotes":""},"class_list":["post-21","page","type-page","status-publish"],"yoast_head":"<!-- This site is optimized with the Yoast SEO plugin v27.4 - https:\/\/yoast.com\/product\/yoast-seo-wordpress\/ -->\n<title>Bio - New Aliquot<\/title>\n<meta name=\"description\" content=\"Bluegrass &amp; new acoustic music quartet - Ondra Koz\u00e1k, V\u00edtek Hanul\u00edk, Karel Za\u010dal, Pavel Duda\" \/>\n<meta name=\"robots\" content=\"index, follow, max-snippet:-1, max-image-preview:large, max-video-preview:-1\" \/>\n<link rel=\"canonical\" href=\"https:\/\/newaliquot.com\/en\/\" \/>\n<meta property=\"og:locale\" content=\"en_US\" \/>\n<meta property=\"og:type\" content=\"article\" \/>\n<meta property=\"og:title\" content=\"Bio - New Aliquot\" \/>\n<meta property=\"og:description\" content=\"Bluegrass &amp; new acoustic music quartet - Ondra Koz\u00e1k, V\u00edtek Hanul\u00edk, Karel Za\u010dal, Pavel Duda\" \/>\n<meta property=\"og:url\" content=\"https:\/\/newaliquot.com\/en\/\" \/>\n<meta property=\"og:site_name\" content=\"New Aliquot\" \/>\n<meta property=\"article:publisher\" content=\"https:\/\/www.facebook.com\/newaliquot\" \/>\n<meta property=\"article:modified_time\" content=\"2026-04-15T13:32:06+00:00\" \/>\n<meta property=\"og:image\" content=\"https:\/\/newaliquot.com\/wp-content\/uploads\/2026\/03\/NA_tour_2026_prispevek-fb.png\" \/>\n\t<meta property=\"og:image:width\" content=\"1200\" \/>\n\t<meta property=\"og:image:height\" content=\"630\" \/>\n\t<meta property=\"og:image:type\" content=\"image\/png\" \/>\n<meta name=\"twitter:card\" content=\"summary_large_image\" \/>\n<meta name=\"twitter:label1\" content=\"Est. reading time\" \/>\n\t<meta name=\"twitter:data1\" content=\"3 minutes\" \/>\n<script type=\"application\/ld+json\" class=\"yoast-schema-graph\">{\"@context\":\"https:\\\/\\\/schema.org\",\"@graph\":[{\"@type\":\"WebPage\",\"@id\":\"https:\\\/\\\/newaliquot.com\\\/en\\\/\",\"url\":\"https:\\\/\\\/newaliquot.com\\\/en\\\/\",\"name\":\"Bio - New Aliquot\",\"isPartOf\":{\"@id\":\"https:\\\/\\\/newaliquot.com\\\/en\\\/#website\"},\"primaryImageOfPage\":{\"@id\":\"https:\\\/\\\/newaliquot.com\\\/en\\\/#primaryimage\"},\"image\":{\"@id\":\"https:\\\/\\\/newaliquot.com\\\/#primaryimage\"},\"thumbnailUrl\":\"https:\\\/\\\/newaliquot.com\\\/wp-content\\\/uploads\\\/2026\\\/03\\\/NA_tour_2026_prispevek-fb.png\",\"datePublished\":\"2022-09-08T06:32:47+00:00\",\"dateModified\":\"2026-04-15T13:32:06+00:00\",\"description\":\"Bluegrass & new acoustic music quartet - Ondra Koz\u00e1k, V\u00edtek Hanul\u00edk, Karel Za\u010dal, Pavel Duda\",\"breadcrumb\":{\"@id\":\"https:\\\/\\\/newaliquot.com\\\/en\\\/#breadcrumb\"},\"inLanguage\":\"en-US\",\"potentialAction\":[{\"@type\":\"ReadAction\",\"target\":[[\"https:\\\/\\\/newaliquot.com\\\/en\\\/\"]]}]},{\"@type\":\"ImageObject\",\"inLanguage\":\"en-US\",\"@id\":\"https:\\\/\\\/newaliquot.com\\\/en\\\/#primaryimage\",\"url\":\"https:\\\/\\\/newaliquot.com\\\/wp-content\\\/uploads\\\/2026\\\/03\\\/NA_tour_2026_prispevek-fb.png\",\"contentUrl\":\"https:\\\/\\\/newaliquot.com\\\/wp-content\\\/uploads\\\/2026\\\/03\\\/NA_tour_2026_prispevek-fb.png\"},{\"@type\":\"BreadcrumbList\",\"@id\":\"https:\\\/\\\/newaliquot.com\\\/en\\\/#breadcrumb\",\"itemListElement\":[{\"@type\":\"ListItem\",\"position\":1,\"name\":\"Dom\u016f\",\"item\":\"https:\\\/\\\/newaliquot.com\\\/en\\\/\"},{\"@type\":\"ListItem\",\"position\":2,\"name\":\"O kapele\"}]},{\"@type\":\"WebSite\",\"@id\":\"https:\\\/\\\/newaliquot.com\\\/en\\\/#website\",\"url\":\"https:\\\/\\\/newaliquot.com\\\/en\\\/\",\"name\":\"New Aliquot\",\"description\":\"bluegrass &amp; new acoustic\",\"publisher\":{\"@id\":\"https:\\\/\\\/newaliquot.com\\\/en\\\/#organization\"},\"potentialAction\":[{\"@type\":\"SearchAction\",\"target\":{\"@type\":\"EntryPoint\",\"urlTemplate\":\"https:\\\/\\\/newaliquot.com\\\/en\\\/?s={search_term_string}\"},\"query-input\":{\"@type\":\"PropertyValueSpecification\",\"valueRequired\":true,\"valueName\":\"search_term_string\"}}],\"inLanguage\":\"en-US\"},{\"@type\":\"Organization\",\"@id\":\"https:\\\/\\\/newaliquot.com\\\/en\\\/#organization\",\"name\":\"New Aliquot\",\"url\":\"https:\\\/\\\/newaliquot.com\\\/en\\\/\",\"logo\":{\"@type\":\"ImageObject\",\"inLanguage\":\"en-US\",\"@id\":\"https:\\\/\\\/newaliquot.com\\\/en\\\/#\\\/schema\\\/logo\\\/image\\\/\",\"url\":\"https:\\\/\\\/newaliquot.com\\\/wp-content\\\/uploads\\\/2023\\\/01\\\/OKP_9003_New-Aliquot_2022_crop-scaled.jpg\",\"contentUrl\":\"https:\\\/\\\/newaliquot.com\\\/wp-content\\\/uploads\\\/2023\\\/01\\\/OKP_9003_New-Aliquot_2022_crop-scaled.jpg\",\"width\":2560,\"height\":1707,\"caption\":\"New Aliquot\"},\"image\":{\"@id\":\"https:\\\/\\\/newaliquot.com\\\/en\\\/#\\\/schema\\\/logo\\\/image\\\/\"},\"sameAs\":[\"https:\\\/\\\/www.facebook.com\\\/newaliquot\"]}]}<\/script>\n<!-- \/ Yoast SEO plugin. -->","yoast_head_json":{"title":"Bio - New Aliquot","description":"Bluegrass & new acoustic music quartet - Ondra Koz\u00e1k, V\u00edtek Hanul\u00edk, Karel Za\u010dal, Pavel Duda","robots":{"index":"index","follow":"follow","max-snippet":"max-snippet:-1","max-image-preview":"max-image-preview:large","max-video-preview":"max-video-preview:-1"},"canonical":"https:\/\/newaliquot.com\/en\/","og_locale":"en_US","og_type":"article","og_title":"Bio - New Aliquot","og_description":"Bluegrass & new acoustic music quartet - Ondra Koz\u00e1k, V\u00edtek Hanul\u00edk, Karel Za\u010dal, Pavel Duda","og_url":"https:\/\/newaliquot.com\/en\/","og_site_name":"New Aliquot","article_publisher":"https:\/\/www.facebook.com\/newaliquot","article_modified_time":"2026-04-15T13:32:06+00:00","og_image":[{"width":1200,"height":630,"url":"https:\/\/newaliquot.com\/wp-content\/uploads\/2026\/03\/NA_tour_2026_prispevek-fb.png","type":"image\/png"}],"twitter_card":"summary_large_image","twitter_misc":{"Est. reading time":"3 minutes"},"schema":{"@context":"https:\/\/schema.org","@graph":[{"@type":"WebPage","@id":"https:\/\/newaliquot.com\/en\/","url":"https:\/\/newaliquot.com\/en\/","name":"Bio - New Aliquot","isPartOf":{"@id":"https:\/\/newaliquot.com\/en\/#website"},"primaryImageOfPage":{"@id":"https:\/\/newaliquot.com\/en\/#primaryimage"},"image":{"@id":"https:\/\/newaliquot.com\/#primaryimage"},"thumbnailUrl":"https:\/\/newaliquot.com\/wp-content\/uploads\/2026\/03\/NA_tour_2026_prispevek-fb.png","datePublished":"2022-09-08T06:32:47+00:00","dateModified":"2026-04-15T13:32:06+00:00","description":"Bluegrass & new acoustic music quartet - Ondra Koz\u00e1k, V\u00edtek Hanul\u00edk, Karel Za\u010dal, Pavel Duda","breadcrumb":{"@id":"https:\/\/newaliquot.com\/en\/#breadcrumb"},"inLanguage":"en-US","potentialAction":[{"@type":"ReadAction","target":[["https:\/\/newaliquot.com\/en\/"]]}]},{"@type":"ImageObject","inLanguage":"en-US","@id":"https:\/\/newaliquot.com\/en\/#primaryimage","url":"https:\/\/newaliquot.com\/wp-content\/uploads\/2026\/03\/NA_tour_2026_prispevek-fb.png","contentUrl":"https:\/\/newaliquot.com\/wp-content\/uploads\/2026\/03\/NA_tour_2026_prispevek-fb.png"},{"@type":"BreadcrumbList","@id":"https:\/\/newaliquot.com\/en\/#breadcrumb","itemListElement":[{"@type":"ListItem","position":1,"name":"Dom\u016f","item":"https:\/\/newaliquot.com\/en\/"},{"@type":"ListItem","position":2,"name":"O kapele"}]},{"@type":"WebSite","@id":"https:\/\/newaliquot.com\/en\/#website","url":"https:\/\/newaliquot.com\/en\/","name":"New Aliquot","description":"bluegrass &amp; new acoustic","publisher":{"@id":"https:\/\/newaliquot.com\/en\/#organization"},"potentialAction":[{"@type":"SearchAction","target":{"@type":"EntryPoint","urlTemplate":"https:\/\/newaliquot.com\/en\/?s={search_term_string}"},"query-input":{"@type":"PropertyValueSpecification","valueRequired":true,"valueName":"search_term_string"}}],"inLanguage":"en-US"},{"@type":"Organization","@id":"https:\/\/newaliquot.com\/en\/#organization","name":"New Aliquot","url":"https:\/\/newaliquot.com\/en\/","logo":{"@type":"ImageObject","inLanguage":"en-US","@id":"https:\/\/newaliquot.com\/en\/#\/schema\/logo\/image\/","url":"https:\/\/newaliquot.com\/wp-content\/uploads\/2023\/01\/OKP_9003_New-Aliquot_2022_crop-scaled.jpg","contentUrl":"https:\/\/newaliquot.com\/wp-content\/uploads\/2023\/01\/OKP_9003_New-Aliquot_2022_crop-scaled.jpg","width":2560,"height":1707,"caption":"New Aliquot"},"image":{"@id":"https:\/\/newaliquot.com\/en\/#\/schema\/logo\/image\/"},"sameAs":["https:\/\/www.facebook.com\/newaliquot"]}]}},"_links":{"self":[{"href":"https:\/\/newaliquot.com\/en\/wp-json\/wp\/v2\/pages\/21","targetHints":{"allow":["GET"]}}],"collection":[{"href":"https:\/\/newaliquot.com\/en\/wp-json\/wp\/v2\/pages"}],"about":[{"href":"https:\/\/newaliquot.com\/en\/wp-json\/wp\/v2\/types\/page"}],"author":[{"embeddable":true,"href":"https:\/\/newaliquot.com\/en\/wp-json\/wp\/v2\/users\/1"}],"replies":[{"embeddable":true,"href":"https:\/\/newaliquot.com\/en\/wp-json\/wp\/v2\/comments?post=21"}],"version-history":[{"count":78,"href":"https:\/\/newaliquot.com\/en\/wp-json\/wp\/v2\/pages\/21\/revisions"}],"predecessor-version":[{"id":445,"href":"https:\/\/newaliquot.com\/en\/wp-json\/wp\/v2\/pages\/21\/revisions\/445"}],"wp:attachment":[{"href":"https:\/\/newaliquot.com\/en\/wp-json\/wp\/v2\/media?parent=21"}],"curies":[{"name":"wp","href":"https:\/\/api.w.org\/{rel}","templated":true}]}}