{"id":391,"date":"2025-09-09T09:49:14","date_gmt":"2025-09-09T09:49:14","guid":{"rendered":"https:\/\/newaliquot.com\/?page_id=391"},"modified":"2026-04-20T11:09:12","modified_gmt":"2026-04-20T11:09:12","slug":"david-benda","status":"publish","type":"page","link":"https:\/\/newaliquot.com\/en\/david-benda\/","title":{"rendered":"New Aliquot + David Benda"},"content":{"rendered":"<p>We are proud to announce our collaboration with leading European banjo player <a href=\"https:\/\/www.davidbenda.com\/\" target=\"_blank\" rel=\"noopener\">David Benda<\/a>, winner of the World Virtual Bluegrass Banjo Contest 2020. David is also a songwriter, singer, teacher, and player of other musical instruments (guitar, bass guitar). The collaboration with him adds another bluegrass dimension to our songs, and we have added compositions prepared especially for this project to our repertoire.<\/p>\n<p>You can find the dates of our joint concerts <a href=\"https:\/\/newaliquot.com\/en\/kalendar\/\">here<\/a>.<\/p>\n<p><a href=\"https:\/\/newaliquot.com\/en\/kalendar\/\"><img loading=\"lazy\" decoding=\"async\" class=\"aligncenter wp-image-438\" src=\"https:\/\/newaliquot.com\/wp-content\/uploads\/2026\/03\/NA_tour_2026_prispevek-fb-300x158.png\" alt=\"\" width=\"600\" height=\"315\" srcset=\"https:\/\/newaliquot.com\/wp-content\/uploads\/2026\/03\/NA_tour_2026_prispevek-fb-300x158.png 300w, https:\/\/newaliquot.com\/wp-content\/uploads\/2026\/03\/NA_tour_2026_prispevek-fb-1024x538.png 1024w, https:\/\/newaliquot.com\/wp-content\/uploads\/2026\/03\/NA_tour_2026_prispevek-fb-768x403.png 768w, https:\/\/newaliquot.com\/wp-content\/uploads\/2026\/03\/NA_tour_2026_prispevek-fb.png 1200w\" sizes=\"auto, (max-width: 600px) 100vw, 600px\" \/><\/a><\/p>\n<h4 style=\"text-align: center;\"><em>Roots in Europe. Heart in Bluegrass.<\/em> \ud83d\udc99<\/h4>\n<p>&nbsp;<\/p>\n<figure class=\"wp-block-embed wp-block-embed-youtube is-type-video is-provider-youtube epyt-figure\"><div class=\"wp-block-embed__wrapper\"><div class=\"epyt-video-wrapper\"><iframe loading=\"lazy\"  id=\"_ytid_17013\"  width=\"1200\" height=\"675\"  data-origwidth=\"1200\" data-origheight=\"675\"  data-relstop=\"1\" src=\"https:\/\/www.youtube.com\/embed\/TxjijhDHCcE?enablejsapi=1&autoplay=0&cc_load_policy=0&cc_lang_pref=&iv_load_policy=1&loop=0&rel=0&fs=1&playsinline=0&autohide=2&theme=dark&color=red&controls=1&disablekb=0&\" class=\"__youtube_prefs__  no-lazyload\" title=\"YouTube player\"  allow=\"fullscreen; accelerometer; autoplay; clipboard-write; encrypted-media; gyroscope; picture-in-picture; web-share\" referrerpolicy=\"strict-origin-when-cross-origin\" allowfullscreen data-no-lazy=\"1\" data-skipgform_ajax_framebjll=\"\"><\/iframe><\/div><\/div><\/figure>\n<figure class=\"wp-block-embed wp-block-embed-youtube is-type-video is-provider-youtube epyt-figure\"><div class=\"wp-block-embed__wrapper\"><div class=\"epyt-video-wrapper\"><iframe loading=\"lazy\"  id=\"_ytid_28591\"  width=\"1200\" height=\"675\"  data-origwidth=\"1200\" data-origheight=\"675\"  data-relstop=\"1\" src=\"https:\/\/www.youtube.com\/embed\/wR85it3AbRI?enablejsapi=1&autoplay=0&cc_load_policy=0&cc_lang_pref=&iv_load_policy=1&loop=0&rel=0&fs=1&playsinline=0&autohide=2&theme=dark&color=red&controls=1&disablekb=0&\" class=\"__youtube_prefs__  no-lazyload\" title=\"YouTube player\"  allow=\"fullscreen; accelerometer; autoplay; clipboard-write; encrypted-media; gyroscope; picture-in-picture; web-share\" referrerpolicy=\"strict-origin-when-cross-origin\" allowfullscreen data-no-lazy=\"1\" data-skipgform_ajax_framebjll=\"\"><\/iframe><\/div><\/div><\/figure>\n<figure class=\"wp-block-embed wp-block-embed-youtube is-type-video is-provider-youtube epyt-figure\"><div class=\"wp-block-embed__wrapper\"><div class=\"epyt-video-wrapper\"><iframe loading=\"lazy\"  id=\"_ytid_34155\"  width=\"1200\" height=\"675\"  data-origwidth=\"1200\" data-origheight=\"675\"  data-relstop=\"1\" src=\"https:\/\/www.youtube.com\/embed\/ZhZwb8OM5Mw?enablejsapi=1&autoplay=0&cc_load_policy=0&cc_lang_pref=&iv_load_policy=1&loop=0&rel=0&fs=1&playsinline=0&autohide=2&theme=dark&color=red&controls=1&disablekb=0&\" class=\"__youtube_prefs__  no-lazyload\" title=\"YouTube player\"  allow=\"fullscreen; accelerometer; autoplay; clipboard-write; encrypted-media; gyroscope; picture-in-picture; web-share\" referrerpolicy=\"strict-origin-when-cross-origin\" allowfullscreen data-no-lazy=\"1\" data-skipgform_ajax_framebjll=\"\"><\/iframe><\/div><\/div><\/figure>\n<figure class=\"wp-block-embed wp-block-embed-youtube is-type-video is-provider-youtube epyt-figure\"><div class=\"wp-block-embed__wrapper\"><div class=\"epyt-video-wrapper\"><iframe loading=\"lazy\"  id=\"_ytid_44037\"  width=\"1200\" height=\"675\"  data-origwidth=\"1200\" data-origheight=\"675\"  data-relstop=\"1\" src=\"https:\/\/www.youtube.com\/embed\/QA58U0cs7kE?enablejsapi=1&autoplay=0&cc_load_policy=0&cc_lang_pref=&iv_load_policy=1&loop=0&rel=0&fs=1&playsinline=0&autohide=2&theme=dark&color=red&controls=1&disablekb=0&\" class=\"__youtube_prefs__  no-lazyload\" title=\"YouTube player\"  allow=\"fullscreen; accelerometer; autoplay; clipboard-write; encrypted-media; gyroscope; picture-in-picture; web-share\" referrerpolicy=\"strict-origin-when-cross-origin\" allowfullscreen data-no-lazy=\"1\" data-skipgform_ajax_framebjll=\"\"><\/iframe><\/div><\/div><\/figure>\n<figure class=\"wp-block-embed wp-block-embed-youtube is-type-video is-provider-youtube epyt-figure\"><div class=\"wp-block-embed__wrapper\"><div class=\"epyt-video-wrapper\"><iframe loading=\"lazy\"  id=\"_ytid_24037\"  width=\"1200\" height=\"675\"  data-origwidth=\"1200\" data-origheight=\"675\"  data-relstop=\"1\" src=\"https:\/\/www.youtube.com\/embed\/WrBXJ8i0TKI?enablejsapi=1&autoplay=0&cc_load_policy=0&cc_lang_pref=&iv_load_policy=1&loop=0&rel=0&fs=1&playsinline=0&autohide=2&theme=dark&color=red&controls=1&disablekb=0&\" class=\"__youtube_prefs__  no-lazyload\" title=\"YouTube player\"  allow=\"fullscreen; accelerometer; autoplay; clipboard-write; encrypted-media; gyroscope; picture-in-picture; web-share\" referrerpolicy=\"strict-origin-when-cross-origin\" allowfullscreen data-no-lazy=\"1\" data-skipgform_ajax_framebjll=\"\"><\/iframe><\/div><\/div><\/figure>\n<p>&nbsp;<\/p>\n<hr \/>\n<p>&nbsp;<\/p>\n<h2>For organizers<\/h2>\n<p>&nbsp;<\/p>\n<p><a href=\"https:\/\/www.dropbox.com\/scl\/fo\/4dynas75ujdwzqk29rv1y\/ADwt4yceA4_6McfUMbu8_iU?rlkey=mxmunyy08v8oyf302spp3uapz&amp;st=1c35u763&amp;dl=0\" target=\"_blank\" rel=\"noopener\">Press photos<\/a><\/p>\n<p><a href=\"https:\/\/www.dropbox.com\/scl\/fi\/igkr4tli7km2rxvl1n59w\/Untitled.paper?rlkey=p55g6vdl1vlgaarm8csdq9am3&amp;st=2rjgu4af&amp;dl=0\" target=\"_blank\" rel=\"noopener\">Biography<\/a> (short + long text)<\/p>\n<p><a href=\"https:\/\/newaliquot.com\/wp-content\/uploads\/2026\/04\/NADB-Stageplan-2026.jpg\" target=\"_blank\" rel=\"noopener\">Stageplan<\/a><\/p>\n<p><a href=\"https:\/\/www.dropbox.com\/scl\/fi\/1bk3bopw1fq0w7dpk5o61\/0New_Aliquot-David_Benda_playlist2026.xlsx?rlkey=1lcct6uvlehao0hknjgmuh0it&amp;st=gdxslr3v&amp;dl=1\">Playlist 2026<\/a><\/p>\n<p>Booking: ondra@newaliquot.com | +420 728 232 297<\/p>","protected":false},"excerpt":{"rendered":"<p>We are proud to announce our collaboration with leading European banjo player David Benda, winner of the World Virtual Bluegrass Banjo Contest 2020. David is also a songwriter, singer, teacher, and player of other musical instruments (guitar, bass guitar). The collaboration with him adds another bluegrass dimension to our songs, and we have added compositions &#8230; <a title=\"New Aliquot + David Benda\" class=\"read-more\" href=\"https:\/\/newaliquot.com\/en\/david-benda\/\" aria-label=\"Read more about New Aliquot + David Benda\">Read more<\/a><\/p>\n","protected":false},"author":1,"featured_media":399,"parent":0,"menu_order":0,"comment_status":"closed","ping_status":"closed","template":"","meta":{"footnotes":""},"class_list":["post-391","page","type-page","status-publish","has-post-thumbnail"],"yoast_head":"<!-- This site is optimized with the Yoast SEO plugin v27.4 - https:\/\/yoast.com\/product\/yoast-seo-wordpress\/ -->\n<title>New Aliquot + David Benda - New Aliquot<\/title>\n<meta name=\"description\" content=\"P\u0159edstavujeme v\u00e1m na\u0161i spolupr\u00e1ci s p\u0159edn\u00edm evropsk\u00fdm banjistou Davidem Bendou \u2013 v\u00edt\u011bzem World Virtual Bluegrass Banjo Contest 2020.\" \/>\n<meta name=\"robots\" content=\"index, follow, max-snippet:-1, max-image-preview:large, max-video-preview:-1\" \/>\n<link rel=\"canonical\" href=\"https:\/\/newaliquot.com\/en\/david-benda\/\" \/>\n<meta property=\"og:locale\" content=\"en_US\" \/>\n<meta property=\"og:type\" content=\"article\" \/>\n<meta property=\"og:title\" content=\"New Aliquot + David Benda\" \/>\n<meta property=\"og:description\" content=\"Czech Bluegrass Powerhouse\" \/>\n<meta property=\"og:url\" content=\"https:\/\/newaliquot.com\/en\/david-benda\/\" \/>\n<meta property=\"og:site_name\" content=\"New Aliquot\" \/>\n<meta property=\"article:publisher\" content=\"https:\/\/www.facebook.com\/newaliquot\" \/>\n<meta property=\"article:modified_time\" content=\"2026-04-20T11:09:12+00:00\" \/>\n<meta property=\"og:image\" content=\"https:\/\/newaliquot.com\/wp-content\/uploads\/2025\/09\/NADB3_1200.jpg\" \/>\n\t<meta property=\"og:image:width\" content=\"1200\" \/>\n\t<meta property=\"og:image:height\" content=\"800\" \/>\n\t<meta property=\"og:image:type\" content=\"image\/jpeg\" \/>\n<meta name=\"twitter:card\" content=\"summary_large_image\" \/>\n<meta name=\"twitter:label1\" content=\"Est. reading time\" \/>\n\t<meta name=\"twitter:data1\" content=\"1 minute\" \/>\n<script type=\"application\/ld+json\" class=\"yoast-schema-graph\">{\"@context\":\"https:\\\/\\\/schema.org\",\"@graph\":[{\"@type\":\"WebPage\",\"@id\":\"https:\\\/\\\/newaliquot.com\\\/en\\\/david-benda\\\/\",\"url\":\"https:\\\/\\\/newaliquot.com\\\/en\\\/david-benda\\\/\",\"name\":\"New Aliquot + David Benda - New Aliquot\",\"isPartOf\":{\"@id\":\"https:\\\/\\\/newaliquot.com\\\/en\\\/#website\"},\"primaryImageOfPage\":{\"@id\":\"https:\\\/\\\/newaliquot.com\\\/en\\\/david-benda\\\/#primaryimage\"},\"image\":{\"@id\":\"https:\\\/\\\/newaliquot.com\\\/david-benda\\\/#primaryimage\"},\"thumbnailUrl\":\"https:\\\/\\\/newaliquot.com\\\/wp-content\\\/uploads\\\/2025\\\/09\\\/NADB3_1200.jpg\",\"datePublished\":\"2025-09-09T09:49:14+00:00\",\"dateModified\":\"2026-04-20T11:09:12+00:00\",\"description\":\"P\u0159edstavujeme v\u00e1m na\u0161i spolupr\u00e1ci s p\u0159edn\u00edm evropsk\u00fdm banjistou Davidem Bendou \u2013 v\u00edt\u011bzem World Virtual Bluegrass Banjo Contest 2020.\",\"breadcrumb\":{\"@id\":\"https:\\\/\\\/newaliquot.com\\\/en\\\/david-benda\\\/#breadcrumb\"},\"inLanguage\":\"en-US\",\"potentialAction\":[{\"@type\":\"ReadAction\",\"target\":[[\"https:\\\/\\\/newaliquot.com\\\/en\\\/david-benda\\\/\"]]}]},{\"@type\":\"ImageObject\",\"inLanguage\":\"en-US\",\"@id\":\"https:\\\/\\\/newaliquot.com\\\/en\\\/david-benda\\\/#primaryimage\",\"url\":\"https:\\\/\\\/newaliquot.com\\\/wp-content\\\/uploads\\\/2025\\\/09\\\/NADB3_1200.jpg\",\"contentUrl\":\"https:\\\/\\\/newaliquot.com\\\/wp-content\\\/uploads\\\/2025\\\/09\\\/NADB3_1200.jpg\",\"width\":1200,\"height\":800},{\"@type\":\"BreadcrumbList\",\"@id\":\"https:\\\/\\\/newaliquot.com\\\/en\\\/david-benda\\\/#breadcrumb\",\"itemListElement\":[{\"@type\":\"ListItem\",\"position\":1,\"name\":\"Dom\u016f\",\"item\":\"https:\\\/\\\/newaliquot.com\\\/en\\\/\"},{\"@type\":\"ListItem\",\"position\":2,\"name\":\"New Aliquot + David Benda\"}]},{\"@type\":\"WebSite\",\"@id\":\"https:\\\/\\\/newaliquot.com\\\/en\\\/#website\",\"url\":\"https:\\\/\\\/newaliquot.com\\\/en\\\/\",\"name\":\"New Aliquot\",\"description\":\"bluegrass &amp; new acoustic\",\"publisher\":{\"@id\":\"https:\\\/\\\/newaliquot.com\\\/en\\\/#organization\"},\"potentialAction\":[{\"@type\":\"SearchAction\",\"target\":{\"@type\":\"EntryPoint\",\"urlTemplate\":\"https:\\\/\\\/newaliquot.com\\\/en\\\/?s={search_term_string}\"},\"query-input\":{\"@type\":\"PropertyValueSpecification\",\"valueRequired\":true,\"valueName\":\"search_term_string\"}}],\"inLanguage\":\"en-US\"},{\"@type\":\"Organization\",\"@id\":\"https:\\\/\\\/newaliquot.com\\\/en\\\/#organization\",\"name\":\"New Aliquot\",\"url\":\"https:\\\/\\\/newaliquot.com\\\/en\\\/\",\"logo\":{\"@type\":\"ImageObject\",\"inLanguage\":\"en-US\",\"@id\":\"https:\\\/\\\/newaliquot.com\\\/en\\\/#\\\/schema\\\/logo\\\/image\\\/\",\"url\":\"https:\\\/\\\/newaliquot.com\\\/wp-content\\\/uploads\\\/2023\\\/01\\\/OKP_9003_New-Aliquot_2022_crop-scaled.jpg\",\"contentUrl\":\"https:\\\/\\\/newaliquot.com\\\/wp-content\\\/uploads\\\/2023\\\/01\\\/OKP_9003_New-Aliquot_2022_crop-scaled.jpg\",\"width\":2560,\"height\":1707,\"caption\":\"New Aliquot\"},\"image\":{\"@id\":\"https:\\\/\\\/newaliquot.com\\\/en\\\/#\\\/schema\\\/logo\\\/image\\\/\"},\"sameAs\":[\"https:\\\/\\\/www.facebook.com\\\/newaliquot\"]}]}<\/script>\n<!-- \/ Yoast SEO plugin. -->","yoast_head_json":{"title":"New Aliquot + David Benda - New Aliquot","description":"P\u0159edstavujeme v\u00e1m na\u0161i spolupr\u00e1ci s p\u0159edn\u00edm evropsk\u00fdm banjistou Davidem Bendou \u2013 v\u00edt\u011bzem World Virtual Bluegrass Banjo Contest 2020.","robots":{"index":"index","follow":"follow","max-snippet":"max-snippet:-1","max-image-preview":"max-image-preview:large","max-video-preview":"max-video-preview:-1"},"canonical":"https:\/\/newaliquot.com\/en\/david-benda\/","og_locale":"en_US","og_type":"article","og_title":"New Aliquot + David Benda","og_description":"Czech Bluegrass Powerhouse","og_url":"https:\/\/newaliquot.com\/en\/david-benda\/","og_site_name":"New Aliquot","article_publisher":"https:\/\/www.facebook.com\/newaliquot","article_modified_time":"2026-04-20T11:09:12+00:00","og_image":[{"width":1200,"height":800,"url":"https:\/\/newaliquot.com\/wp-content\/uploads\/2025\/09\/NADB3_1200.jpg","type":"image\/jpeg"}],"twitter_card":"summary_large_image","twitter_misc":{"Est. reading time":"1 minute"},"schema":{"@context":"https:\/\/schema.org","@graph":[{"@type":"WebPage","@id":"https:\/\/newaliquot.com\/en\/david-benda\/","url":"https:\/\/newaliquot.com\/en\/david-benda\/","name":"New Aliquot + David Benda - New Aliquot","isPartOf":{"@id":"https:\/\/newaliquot.com\/en\/#website"},"primaryImageOfPage":{"@id":"https:\/\/newaliquot.com\/en\/david-benda\/#primaryimage"},"image":{"@id":"https:\/\/newaliquot.com\/david-benda\/#primaryimage"},"thumbnailUrl":"https:\/\/newaliquot.com\/wp-content\/uploads\/2025\/09\/NADB3_1200.jpg","datePublished":"2025-09-09T09:49:14+00:00","dateModified":"2026-04-20T11:09:12+00:00","description":"P\u0159edstavujeme v\u00e1m na\u0161i spolupr\u00e1ci s p\u0159edn\u00edm evropsk\u00fdm banjistou Davidem Bendou \u2013 v\u00edt\u011bzem World Virtual Bluegrass Banjo Contest 2020.","breadcrumb":{"@id":"https:\/\/newaliquot.com\/en\/david-benda\/#breadcrumb"},"inLanguage":"en-US","potentialAction":[{"@type":"ReadAction","target":[["https:\/\/newaliquot.com\/en\/david-benda\/"]]}]},{"@type":"ImageObject","inLanguage":"en-US","@id":"https:\/\/newaliquot.com\/en\/david-benda\/#primaryimage","url":"https:\/\/newaliquot.com\/wp-content\/uploads\/2025\/09\/NADB3_1200.jpg","contentUrl":"https:\/\/newaliquot.com\/wp-content\/uploads\/2025\/09\/NADB3_1200.jpg","width":1200,"height":800},{"@type":"BreadcrumbList","@id":"https:\/\/newaliquot.com\/en\/david-benda\/#breadcrumb","itemListElement":[{"@type":"ListItem","position":1,"name":"Dom\u016f","item":"https:\/\/newaliquot.com\/en\/"},{"@type":"ListItem","position":2,"name":"New Aliquot + David Benda"}]},{"@type":"WebSite","@id":"https:\/\/newaliquot.com\/en\/#website","url":"https:\/\/newaliquot.com\/en\/","name":"New Aliquot","description":"bluegrass &amp; new acoustic","publisher":{"@id":"https:\/\/newaliquot.com\/en\/#organization"},"potentialAction":[{"@type":"SearchAction","target":{"@type":"EntryPoint","urlTemplate":"https:\/\/newaliquot.com\/en\/?s={search_term_string}"},"query-input":{"@type":"PropertyValueSpecification","valueRequired":true,"valueName":"search_term_string"}}],"inLanguage":"en-US"},{"@type":"Organization","@id":"https:\/\/newaliquot.com\/en\/#organization","name":"New Aliquot","url":"https:\/\/newaliquot.com\/en\/","logo":{"@type":"ImageObject","inLanguage":"en-US","@id":"https:\/\/newaliquot.com\/en\/#\/schema\/logo\/image\/","url":"https:\/\/newaliquot.com\/wp-content\/uploads\/2023\/01\/OKP_9003_New-Aliquot_2022_crop-scaled.jpg","contentUrl":"https:\/\/newaliquot.com\/wp-content\/uploads\/2023\/01\/OKP_9003_New-Aliquot_2022_crop-scaled.jpg","width":2560,"height":1707,"caption":"New Aliquot"},"image":{"@id":"https:\/\/newaliquot.com\/en\/#\/schema\/logo\/image\/"},"sameAs":["https:\/\/www.facebook.com\/newaliquot"]}]}},"_links":{"self":[{"href":"https:\/\/newaliquot.com\/en\/wp-json\/wp\/v2\/pages\/391","targetHints":{"allow":["GET"]}}],"collection":[{"href":"https:\/\/newaliquot.com\/en\/wp-json\/wp\/v2\/pages"}],"about":[{"href":"https:\/\/newaliquot.com\/en\/wp-json\/wp\/v2\/types\/page"}],"author":[{"embeddable":true,"href":"https:\/\/newaliquot.com\/en\/wp-json\/wp\/v2\/users\/1"}],"replies":[{"embeddable":true,"href":"https:\/\/newaliquot.com\/en\/wp-json\/wp\/v2\/comments?post=391"}],"version-history":[{"count":21,"href":"https:\/\/newaliquot.com\/en\/wp-json\/wp\/v2\/pages\/391\/revisions"}],"predecessor-version":[{"id":449,"href":"https:\/\/newaliquot.com\/en\/wp-json\/wp\/v2\/pages\/391\/revisions\/449"}],"wp:featuredmedia":[{"embeddable":true,"href":"https:\/\/newaliquot.com\/en\/wp-json\/wp\/v2\/media\/399"}],"wp:attachment":[{"href":"https:\/\/newaliquot.com\/en\/wp-json\/wp\/v2\/media?parent=391"}],"curies":[{"name":"wp","href":"https:\/\/api.w.org\/{rel}","templated":true}]}}